{"id":142,"date":"2013-03-28T08:39:51","date_gmt":"2013-03-28T08:39:51","guid":{"rendered":"http:\/\/acid.puremellow.com\/?page_id=7"},"modified":"2014-11-04T15:25:33","modified_gmt":"2014-11-04T14:25:33","slug":"about","status":"publish","type":"page","link":"https:\/\/www.francois-sale.com\/?page_id=142","title":{"rendered":"R\u00e9flexion"},"content":{"rendered":"[pure_wrapper]<br \/>\n[pure_column size=\"push--one-sixth two-thirds\"]<\/p>\n<h2 style=\"text-align: center;\"><span style=\"color: #b56d09;\">&#8230; une construction<br \/>\n<\/span><\/h2>\n<\/p>\n<p style=\"text-align: center;\">Ciment de la m\u00e9moire et de l&rsquo;oubli<br \/>\nFormes, volumes \u00e0 l&rsquo;\u00e9quilibre fragile, inscrits dans l&rsquo;instant<br \/>\nLe mouvement est en train de se faire,<br \/>\nOuverture et expansion&#8230;<br \/>\nIl traduit le passage d&rsquo;une forme chaotique \u00e0 une forme ordonn\u00e9e<br \/>\nSans aucune finalit\u00e9, si ce n&rsquo;est que Etre<br \/>\nCaementum : pierre non taill\u00e9e&#8230;<br \/>\nElles semblent closes et constituent un espace de fragments,<br \/>\nd&rsquo;\u00e9v\u00e8nements qui se renvoient les uns aux autres<br \/>\nLa m\u00e9moire&#8230; de ce qui est ant\u00e9rieur \u00e0 l&rsquo;existence.<br \/>\nLa courbe, lieu d&rsquo;\u00e9change, membrane perm\u00e9able entre deux milieux<br \/>\nIl n&rsquo;y a ni concave ni convexe<br \/>\nNous sommes \u00e0 la fois \u00e0 l&rsquo;int\u00e9rieur et \u00e0 l&rsquo;ext\u00e9rieur<br \/>\nElle introduit une notion de dur\u00e9e<br \/>\nComme un fragment en arch\u00e9ologie.<br \/>\nLe \u00a0\u00bb Drap\u00e9 \u00ab\u00a0, ombre et lumi\u00e8re, comme un refus de la plan\u00e9it\u00e9 du papier.<br \/>\nJouer avec le geste, les formes, avec l&rsquo;imaginaire<br \/>\nIl recr\u00e9e les couleurs non pr\u00e9sentes mais existantes<br \/>\nQuelques id\u00e9es qui ne d\u00e9crivent pas<br \/>\nSimplement une construction&#8230;<br \/>\n[\/pure_column]<br \/>\n[\/pure_wrapper]\n","protected":false},"excerpt":{"rendered":"","protected":false},"author":2,"featured_media":0,"parent":0,"menu_order":0,"comment_status":"closed","ping_status":"closed","template":"","meta":{"footnotes":""},"class_list":["post-142","page","type-page","status-publish","hentry"],"_links":{"self":[{"href":"https:\/\/www.francois-sale.com\/index.php?rest_route=\/wp\/v2\/pages\/142","targetHints":{"allow":["GET"]}}],"collection":[{"href":"https:\/\/www.francois-sale.com\/index.php?rest_route=\/wp\/v2\/pages"}],"about":[{"href":"https:\/\/www.francois-sale.com\/index.php?rest_route=\/wp\/v2\/types\/page"}],"author":[{"embeddable":true,"href":"https:\/\/www.francois-sale.com\/index.php?rest_route=\/wp\/v2\/users\/2"}],"replies":[{"embeddable":true,"href":"https:\/\/www.francois-sale.com\/index.php?rest_route=%2Fwp%2Fv2%2Fcomments&post=142"}],"version-history":[{"count":25,"href":"https:\/\/www.francois-sale.com\/index.php?rest_route=\/wp\/v2\/pages\/142\/revisions"}],"predecessor-version":[{"id":513,"href":"https:\/\/www.francois-sale.com\/index.php?rest_route=\/wp\/v2\/pages\/142\/revisions\/513"}],"wp:attachment":[{"href":"https:\/\/www.francois-sale.com\/index.php?rest_route=%2Fwp%2Fv2%2Fmedia&parent=142"}],"curies":[{"name":"wp","href":"https:\/\/api.w.org\/{rel}","templated":true}]}}